{"id":875,"date":"2019-08-30T08:35:07","date_gmt":"2019-08-30T08:35:07","guid":{"rendered":"https:\/\/citywalkguide.com\/?page_id=875"},"modified":"2025-01-05T15:28:34","modified_gmt":"2025-01-05T15:28:34","slug":"uber-die-app","status":"publish","type":"page","link":"https:\/\/citywalkguide.com\/?page_id=875&lang=de","title":{"rendered":"\u00dcber die App"},"content":{"rendered":"\n<figure class=\"wp-block-image googleplayapp\"><a href=\"https:\/\/play.google.com\/store\/apps\/details?id=zieggyapps.cwg\" target=\"_blank\" rel=\"noreferrer noopener\"><img decoding=\"async\" loading=\"lazy\" src=\"https:\/\/citywalkguide.com\/wp-content\/uploads\/2020\/01\/google-play-badge.png\" alt=\"CGWapp\" width=\"190\" height=\"73\"><\/a><\/figure>\n\n\n<p><!--StartFragment--><\/p>\n\n\n<p class=\"has-text-align-left has-text-color has-medium-font-size\" style=\"color:#ff7f27\"><em>Vorbereitung Ihres Mobil-Ger\u00e4tes f\u00fcr eine unvergessliche Reisetour<\/em><\/p>\n\n\n<p class=\"has-normal-font-size\" style=\"text-align: left;\">Lieber App Benutzer, \u00e4hnlich wie bei Ihrer Arbeit oder in Ihrem Haushalt, ist auch w\u00e4hrend Ihrer Reise ein gutes Werkzeug (wie Telefon oder Tablet) \u00e4usserst wichtig.<br data-rich-text-line-break=\"true\">Aus diesem Grund ist ein Pr\u00fcfen, Aktualisieren oder gar Erneuerung Ihres Ger\u00e4tes vor Ihrem Reiseantritt entscheidend.<br data-rich-text-line-break=\"true\">Dabei zu ber\u00fccksichtigen w\u00e4ren eine gute Batterie, ggf. Mitf\u00fchren von Ersatzakku\/Powerbank, gut ablesbares Display bei sonnigen Tagen, ein gut funktionierendes Standortbestimmungssystem (hier GPS) und Internetzugriff.<\/p>\n<p><\/p>\n\n\n<p class=\"has-text-align-left has-text-color has-medium-font-size\" style=\"color:#ff7f47\"><em>Seiten\u00fcbersicht <\/em><\/p>\n\n\n<p class=\"has-normal-font-size\" style=\"text-align: left;\">Die App besteht aus 5 Auswahlseiten, Kartenseite und 4 administrativen oder Informations-Seiten.<br data-rich-text-line-break=\"true\">Die Seiten beinhalten Daten zu 100 zur Zeit implementierten Reisezielen. Fehlende Ziele sind somit nicht als Fehler zu interpretieren<br data-rich-text-line-break=\"true\">Die App startet mit der Auswahl des Kontinents Ihres Reisezieles gefolgt von:<br data-rich-text-line-break=\"true\">Der Auswahl des Landes,<br data-rich-text-line-break=\"true\">Der Stadt\/des Ortes, <br data-rich-text-line-break=\"true\">Der Seite mit der Auswahl der (unvergesslichen) Ausflugsroute. Hier haben Sie die M\u00f6glichkeit eine gewisse Tour (Schrittsymbol) oder alle verf\u00fcgbaren Ausfl\u00fcge f\u00fcr Ihr Reiseziel (Knopf NEXT) zu w\u00e4hlen.<br data-rich-text-line-break=\"true\">Der Seite der Standortbestimmung. Bei der ersten Aktivierung werden Sie gebeten die Zugriffsrechte f\u00fcr die App auf den Standortdienst zu gew\u00e4hren. Nach der Aktivierung des Dienstes (In der Schnellzugriffsleiste als Stecknadel-Symbol zu erkennen) dauert es einige Minuten bis Ihre aktuelle Position bestimmt und angezeigt werden kann. Anschlie\u00dfend wird der Knopf &#8220;START CITY TOUR&#8221; aktiviert, Sie k\u00f6nnen mit der n\u00e4chsten Seite fortfahren. Wenn Sie die Standortbestimmung nicht aktivieren, wird die Kartenseite Ihre aktuele Position nicht anzeigen k\u00f6nnen. Sollten Sie sich eine Bestimmung w\u00fcnschen, aber Sie aktivieren den Standortdienst nicht, bleibt der Knopf zum Starten der Tour inaktiv (mit einem Hinweis auf GPS).<br data-rich-text-line-break=\"true\">Bei der ersten App-Benutzung haben Sie hier die M\u00f6glichkeit Ihre Anpassungen zu machen. Sp\u00e4ter finden Sie diese unter dem Men\u00fcpunkt Einstellungen\/Settings.<br data-rich-text-line-break=\"true\">Stadtplan Seite. Hier sehen Sie die ausgew\u00e4hlten Ausflugsrouten mit den Sehensw\u00fcrdigkeiten (Symbole k\u00f6nnen ein-\/ausgeblendet werden) die wir f\u00fcr Sie ausgesucht haben, auf der Karte des Reisezieles. Wenn die Standortbestimmung eingeschaltet wurde, sehen Sie hier das Pfeilsymbol f\u00fcr Ihre aktuelle Position und Ihre Laufrichtung (nur genau w\u00e4hrend Sie sich bewegen).<br data-rich-text-line-break=\"true\">Einstellungen. Hier k\u00f6nnen Sie ihre Einstellungen f\u00fcr die App anpassen.<br data-rich-text-line-break=\"true\">Hilfe Seite. Die Seite mit den Informationen hier, zur Zeit nur auf Englisch.<br data-rich-text-line-break=\"true\">Info Seite. Informationen \u00fcber die Lizenzen und den Haftungsausschluss.<br data-rich-text-line-break=\"true\">Teilen Seite. Hier haben Sie die M\u00f6glichkeit Informationen \u00fcber die App mit Ihrer Familie oder Freunden zu teilen. Wenn Ihnen diese App gef\u00e4llt oder diese interessant finden, haben Sie hier die M\u00f6glichkeit, \u00fcber die auf Ihrem Ger\u00e4t verf\u00fcgbaren Kan\u00e4len, uns weiter zu empfehlen.<\/p>\n<p><\/p>\n\n\n<p><br><\/p>\n\n\n\n<p class=\"has-text-color has-medium-font-size\" style=\"color:#ff7f27\"><em>\u00dcbersicht \u00fcber die App<\/em><\/p>\n\n\n<p class=\"has-normal-font-size\" style=\"text-align: left;\">Die App ist so aufgebaut Sie von Seite zu Seite zu f\u00fchren, um Bedienfehler zu vermeiden.<br data-rich-text-line-break=\"true\">Sie ben\u00f6tigt die Standortbestimmung des mobilen Ger\u00e4tes aktiviert. Bitte gew\u00e4hren Sie der App den Zugriff auf den Standort-Dienst, wenn Sie danach gefragt werden und Sie dies w\u00fcnschen. Dieser Dienst (Bsp. GPS) wird ben\u00f6tigt um Ihre aktuelle Position auf der Karte zu bestimmen und um das Erreichen der Tour-Ziele zu erkennen.<br data-rich-text-line-break=\"true\">Diese Version der App ben\u00f6tigt Internet Zugriff um das Kartenmaterial f\u00fcr Ihr Reiseziel herunterladen zu k\u00f6nnen.<br data-rich-text-line-break=\"true\">Tragen Sie das mobile Ger\u00e4t so dass Sie einen guten GPS Empfang haben. W\u00e4hrend der Benutzung der App sollten Sie st\u00e4ndig den Strassen-Verkehr und Ihre Umgebung ber\u00fccksichtigen.<br data-rich-text-line-break=\"true\">Sie werden von der App nicht aufgefordert eine bestimmte Richtung zu folgen. Wo Sie starten, wohin Sie laufen und welche Ziele Sie erreichen m\u00f6chten, wird Ihnen \u00fcberlassen.<br data-rich-text-line-break=\"true\">Sollten Sie 100 meter oder n\u00e4her von einem Ziel entfernt sein, werden Ihnen, in einem Dialog auf der Karte, Informationen zu dem Ziel angezeigt, sofern solche in der App Datenbank vorhanden sind. Dieses Ziel, der aktuell gew\u00e4hlten Ausflugsroute, wird als erreicht gekennzeichnet.<\/p>\n<p><\/p>\n\n\n<p class=\"has-text-color has-medium-font-size\" style=\"color:#ff7f27\"><em>Standort <\/em><\/p>\n\n\n\n<div class=\"is-layout-flow wp-block-group\"><div class=\"wp-block-group__inner-container\">\n<p class=\"has-normal-font-size\">Diese Version der App ben\u00f6tigt Internet-Zugriff.<br data-rich-text-line-break=\"true\">Dieser Zugriff ist insofern wichtig, dass sich die App das Kartenmaterial zu der gew\u00e4hlten Ausflugsroute herunterladen kann.<br data-rich-text-line-break=\"true\">Der kostenlose Zugang zum Internet in Ihrer Unterkunft kann Ihnen mobile Daten sparen. Vor dem Ausflug pr\u00fcfen Sie ob die App sich die Karte zu Ihrer Reise-Tour herunterladen konnte, indem Sie bis zur gew\u00fcnschten Detailsstufe (Strassen und Geb\u00e4ude in Zielgebieten sichtbar) hineinzoomen. Die Karte in der gew\u00fcnschten Detailstufe wird im Speicher Ihres mobilen Ger\u00e4tes gepuffert.<br data-rich-text-line-break=\"true\">Sollten Sie einen Flat-rate Vertrag haben, oder sich keine Sorgen \u00fcber die Kosten machen m\u00fcssen, k\u00f6nnen Sie die mobilen Daten Ihres mobilen Vertrags aktiv lassen, die App wird sich dann zur Laufzeit die Kartendetails herunterladen und puffern.<\/p><\/br>\n<\/div><\/div>\n\n\n\n<p class=\"has-text-color has-medium-font-size\" style=\"color:#ff7f27\"><em>Karten <\/em><\/p>\n\n\n<p class=\"has-normal-font-size\" style=\"text-align: left;\">Die Karten die von der App ben\u00f6tigt werden (unabh\u00e4ngig davon ob sie die Standortbestimmung verwenden oder nicht), werden von mapbox heruntergeladen, dem Karten-Anbieter implementiert in dieser App. Lesen Sie bitte dazu die Informationen im Abschnitt Haftungsausschluss.<br data-rich-text-line-break=\"true\">Die Karte zur ausgew\u00e4hten Reisetour oder zur aktuellen Position wird im Speicher des mobilen Ger\u00e4tes gepuffert. Um mobile Daten zu sparen, vergewissern Sie sich vor dem Auflug, indem Sie das WLAN und mobile Daten des Ger\u00e4tes deaktivieren, dass die Reiseziele in der gew\u00fcnschten Detailstufe verf\u00fcgbar sind.<br data-rich-text-line-break=\"true\">Abh\u00e4ngig von der Auslastung der mapbox Kartenserver, kann es etwas dauern (meistens weniger als einer Minute) bis die Karten komplett gepuffert wurden.<br data-rich-text-line-break=\"true\">M\u00f6gliche Karten-Gestik:<br data-rich-text-line-break=\"true\">-Verschieben nach links, rechts, oben, unten, indem Sie mit einem Finger \u00fcber das Display in die gew\u00fcnschte Richtung wischen. Wenn die Standortbestimmung aktiv ist, und Sie die Karte weg von der aktuellen Position bewegen (um andere Bereiche der Ausflugs-Region auf der Karte zu erkunden), wird die App das Autozentrieren der Karte auf die aktuelle Position deaktivieren. Der Knopf zum Zentrieren auf den aktuellen Standort wird eingeblendet. Um zum Autozentrier-Modus zur\u00fcckzukehren, tippen Sie bitte den Zentrier-Knopf oben rechts an,<br data-rich-text-line-break=\"true\">-Neigen der Karte von 0 bis 60 Grad indem Sie mit zwei gespreizten Fingern die Karte nach unten (um eine perspektivische Ansicht zu erreichen) oder oben wischen,<br data-rich-text-line-break=\"true\">-Drehen der Karte von 0 bis 360 Grad im Bezug auf Norden, indem Sie mit zwei gespreizten Fingern die Karte wischend drehen. Sie K\u00f6nnen die Karte nordweisend zur\u00fccksetzen indem Sie das Kompass-Symbol rechts oben antippen,<br data-rich-text-line-break=\"true\">-Zeigen\/Verbergen der Sehensw\u00fcrdigkeiten (POIs; Stecknadel-Symbol rechts oben): wenn aktiv, POIs wie Caf\u00e9s, Toiletten, Lebensmittelladen werden als eindeutige Symbole dargestellt, w\u00e4hrend wenn sie deaktiviert werden, die Symbole von der Karte entfernt werden,<br data-rich-text-line-break=\"true\">-Hinein\/Herauszoomen indem Sie zwei Finger auf dem Display des Ger\u00e4tes mehr oder weniger spreizen. Sie k\u00f6nnen zu diesem Zweck auch die zwei +\/- Zoomkn\u00f6pfe im unteren Bereich der Karte verwenden.<\/p>\n<p><\/p>\n\n\n<p class=\"has-text-color has-medium-font-size\" style=\"color:#ff7f27\"><em>Einstellungen  <\/em><\/p>\n\n\n<p class=\"has-normal-font-size\" style=\"text-align: left;\">-Free style tour\/frei gestalteter Ausflug: wenn aktiviert, werden nur die Sehensw\u00fcrdigkeiten auf der Karte angezeigt. Die von uns vorbereiteten Routen f\u00fcr Ihr Reiseziel bleiben verborgen.<br data-rich-text-line-break=\"true\">-Keep display on\/Display an lassen: wenn aktiviert, wird die Anzeige nicht mehr in Ruhemodus geschaltet. Sie bleibt st\u00e4ndig an. Dies erh\u00f6ht den Akku-Verbrauch Ihres mobilen Ger\u00e4tes.<br data-rich-text-line-break=\"true\">-Auto zoom on\/Autozoom ein: wenn aktiviert, wird die Karte automatisch hinein und herausgezoomt, abh\u00e4ngig von der Geschwindigkeit Ihres Ger\u00e4tes; Auch wird die Karte auf Ihre aktuelle Position zentriert, wenn Ihre Position (das Pfeil-Symbol) dabei ist den sichtbaren Bereich der Karte zu verlassen.<br data-rich-text-line-break=\"true\">-Perspective view\/Perspektivische Ansicht: wenn aktiviert, wird die Karte mit ihrem Inhalt mit einer Neigung von 45 Grad dargestellt, um eine perspektivische Ansicht zu erreichen.<\/p>\n\n\n<p>   <br><\/p>\n","protected":false},"excerpt":{"rendered":"<p>Vorbereitung Ihres Mobil-Ger\u00e4tes f\u00fcr eine unvergessliche Reisetour Lieber App Benutzer, \u00e4hnlich wie bei Ihrer Arbeit oder in Ihrem Haushalt, ist auch w\u00e4hrend Ihrer Reise ein gutes Werkzeug (wie Telefon oder Tablet) \u00e4usserst wichtig.Aus diesem Grund ist ein Pr\u00fcfen, Aktualisieren oder gar Erneuerung Ihres Ger\u00e4tes vor Ihrem Reiseantritt entscheidend.Dabei zu ber\u00fccksichtigen w\u00e4ren eine gute Batterie, ggf. Mitf\u00fchren von Ersatzakku\/Powerbank, gut ablesbares Display bei sonnigen Tagen, ein gut funktionierendes Standortbestimmungssystem (hier GPS) und Internetzugriff. Seiten\u00fcbersicht Die App besteht aus 5 Auswahlseiten, Kartenseite und 4 administrativen oder Informations-Seiten.Die Seiten beinhalten Daten zu 100 zur Zeit implementierten Reisezielen. Fehlende Ziele sind somit nicht als Fehler zu interpretierenDie App startet mit der Auswahl des Kontinents Ihres Reisezieles gefolgt von:Der Auswahl des Landes,Der Stadt\/des Ortes, Der Seite mit der Auswahl der (unvergesslichen) Ausflugsroute. Hier haben Sie die M\u00f6glichkeit eine gewisse Tour (Schrittsymbol) oder alle verf\u00fcgbaren Ausfl\u00fcge f\u00fcr Ihr Reiseziel (Knopf NEXT) zu w\u00e4hlen.Der Seite der Standortbestimmung. Bei der ersten Aktivierung werden Sie gebeten die Zugriffsrechte f\u00fcr die App auf den Standortdienst zu gew\u00e4hren. Nach der Aktivierung des Dienstes (In der Schnellzugriffsleiste als Stecknadel-Symbol zu erkennen) dauert es einige Minuten bis Ihre aktuelle Position bestimmt und angezeigt werden kann. Anschlie\u00dfend wird der Knopf &#8220;START CITY TOUR&#8221; aktiviert, Sie k\u00f6nnen mit der n\u00e4chsten Seite fortfahren. Wenn Sie die Standortbestimmung nicht aktivieren, wird die Kartenseite Ihre aktuele Position nicht anzeigen k\u00f6nnen. Sollten Sie sich eine Bestimmung w\u00fcnschen, aber Sie aktivieren den Standortdienst nicht, bleibt der Knopf zum Starten der Tour inaktiv (mit einem Hinweis auf GPS).Bei der ersten App-Benutzung haben Sie hier die M\u00f6glichkeit Ihre Anpassungen zu machen. Sp\u00e4ter finden Sie diese unter dem Men\u00fcpunkt Einstellungen\/Settings.Stadtplan Seite. Hier sehen Sie die ausgew\u00e4hlten Ausflugsrouten mit den Sehensw\u00fcrdigkeiten (Symbole k\u00f6nnen ein-\/ausgeblendet werden) die wir f\u00fcr Sie ausgesucht haben, auf der Karte des Reisezieles. Wenn die Standortbestimmung eingeschaltet wurde, sehen Sie hier das Pfeilsymbol f\u00fcr Ihre aktuelle Position und Ihre Laufrichtung (nur genau w\u00e4hrend Sie sich bewegen).Einstellungen. Hier k\u00f6nnen Sie ihre Einstellungen f\u00fcr die App anpassen.Hilfe Seite. Die Seite mit den Informationen hier, zur Zeit nur auf Englisch.Info Seite. Informationen \u00fcber die Lizenzen und den Haftungsausschluss.Teilen Seite. Hier haben Sie die M\u00f6glichkeit Informationen \u00fcber die App mit Ihrer Familie oder Freunden zu teilen. Wenn Ihnen diese App gef\u00e4llt oder diese interessant finden, haben Sie hier die M\u00f6glichkeit, \u00fcber die auf Ihrem Ger\u00e4t verf\u00fcgbaren Kan\u00e4len, uns weiter zu empfehlen. \u00dcbersicht \u00fcber die App Die App ist so aufgebaut Sie von Seite zu Seite zu f\u00fchren, um Bedienfehler zu vermeiden.Sie ben\u00f6tigt die Standortbestimmung des mobilen Ger\u00e4tes aktiviert. Bitte gew\u00e4hren Sie der App den Zugriff auf den Standort-Dienst, wenn Sie danach gefragt werden und Sie dies w\u00fcnschen. Dieser Dienst (Bsp. GPS) wird ben\u00f6tigt um Ihre aktuelle Position auf der Karte zu bestimmen und um das Erreichen der Tour-Ziele zu erkennen.Diese Version der App ben\u00f6tigt Internet Zugriff um das Kartenmaterial f\u00fcr Ihr Reiseziel herunterladen zu k\u00f6nnen.Tragen Sie das mobile Ger\u00e4t so dass Sie einen guten GPS Empfang haben. W\u00e4hrend der Benutzung der App sollten Sie st\u00e4ndig den Strassen-Verkehr und Ihre Umgebung ber\u00fccksichtigen.Sie werden von der App nicht aufgefordert eine bestimmte Richtung zu folgen. Wo Sie starten, wohin Sie laufen und welche Ziele Sie erreichen m\u00f6chten, wird Ihnen \u00fcberlassen.Sollten Sie 100 meter oder n\u00e4her von einem Ziel entfernt sein, werden Ihnen, in einem Dialog auf der Karte, Informationen zu dem Ziel angezeigt, sofern solche in der App Datenbank vorhanden sind. Dieses Ziel, der aktuell gew\u00e4hlten Ausflugsroute, wird als erreicht gekennzeichnet. Standort Diese Version der App ben\u00f6tigt Internet-Zugriff.Dieser Zugriff ist insofern wichtig, dass sich die App das Kartenmaterial zu der gew\u00e4hlten Ausflugsroute herunterladen kann.Der kostenlose Zugang zum Internet in Ihrer Unterkunft kann Ihnen mobile Daten sparen. Vor dem Ausflug pr\u00fcfen Sie ob die App sich die Karte zu Ihrer Reise-Tour herunterladen konnte, indem Sie bis zur gew\u00fcnschten Detailsstufe (Strassen und Geb\u00e4ude in Zielgebieten sichtbar) hineinzoomen. Die Karte in der gew\u00fcnschten Detailstufe wird im Speicher Ihres mobilen Ger\u00e4tes gepuffert.Sollten Sie einen Flat-rate Vertrag haben, oder sich keine Sorgen \u00fcber die Kosten machen m\u00fcssen, k\u00f6nnen Sie die mobilen Daten Ihres mobilen Vertrags aktiv lassen, die App wird sich dann zur Laufzeit die Kartendetails herunterladen und puffern. Karten Die Karten die von der App ben\u00f6tigt werden (unabh\u00e4ngig davon ob sie die Standortbestimmung verwenden oder nicht), werden von mapbox heruntergeladen, dem Karten-Anbieter implementiert in dieser App. Lesen Sie bitte dazu die Informationen im Abschnitt Haftungsausschluss.Die Karte zur ausgew\u00e4hten Reisetour oder zur aktuellen Position wird im Speicher des mobilen Ger\u00e4tes gepuffert. Um mobile Daten zu sparen, vergewissern Sie sich vor dem Auflug, indem Sie das WLAN und mobile Daten des Ger\u00e4tes deaktivieren, dass die Reiseziele in der gew\u00fcnschten Detailstufe verf\u00fcgbar sind.Abh\u00e4ngig von der Auslastung der mapbox Kartenserver, kann es etwas dauern (meistens weniger als einer Minute) bis die Karten komplett gepuffert wurden.M\u00f6gliche Karten-Gestik:-Verschieben nach links, rechts, oben, unten, indem Sie mit einem Finger \u00fcber das Display in die gew\u00fcnschte Richtung wischen. Wenn die Standortbestimmung aktiv ist, und Sie die Karte weg von der aktuellen Position bewegen (um andere Bereiche der Ausflugs-Region auf der Karte zu erkunden), wird die App das Autozentrieren der Karte auf die aktuelle Position deaktivieren. Der Knopf zum Zentrieren auf den aktuellen Standort wird eingeblendet. Um zum Autozentrier-Modus zur\u00fcckzukehren, tippen Sie bitte den Zentrier-Knopf oben rechts an,-Neigen der Karte von 0 bis 60 Grad indem Sie mit zwei gespreizten Fingern die Karte nach unten (um eine perspektivische Ansicht zu erreichen) oder oben wischen,-Drehen der Karte von 0 bis 360 Grad im Bezug auf Norden, indem Sie mit zwei gespreizten Fingern die Karte wischend drehen. Sie K\u00f6nnen die Karte nordweisend zur\u00fccksetzen indem Sie das Kompass-Symbol rechts oben antippen,-Zeigen\/Verbergen der Sehensw\u00fcrdigkeiten (POIs; Stecknadel-Symbol rechts oben): wenn aktiv, POIs wie Caf\u00e9s, Toiletten, Lebensmittelladen werden als eindeutige Symbole dargestellt, w\u00e4hrend wenn sie deaktiviert werden, die Symbole von der Karte entfernt werden,-Hinein\/Herauszoomen indem Sie zwei Finger auf dem Display des Ger\u00e4tes mehr oder weniger spreizen. Sie k\u00f6nnen zu diesem Zweck auch die zwei +\/- Zoomkn\u00f6pfe im unteren Bereich der Karte verwenden. Einstellungen -Free style tour\/frei gestalteter Ausflug: wenn aktiviert, werden nur die Sehensw\u00fcrdigkeiten auf der Karte angezeigt. Die von uns vorbereiteten Routen f\u00fcr Ihr Reiseziel bleiben verborgen.-Keep display on\/Display an lassen: wenn aktiviert, wird die Anzeige nicht mehr in Ruhemodus geschaltet. Sie bleibt st\u00e4ndig an. Dies erh\u00f6ht den Akku-Verbrauch Ihres mobilen Ger\u00e4tes.-Auto zoom on\/Autozoom ein: wenn aktiviert, wird die Karte automatisch hinein und herausgezoomt, abh\u00e4ngig von der Geschwindigkeit Ihres Ger\u00e4tes; Auch wird die Karte auf Ihre aktuelle Position zentriert, wenn Ihre Position (das Pfeil-Symbol) dabei ist den sichtbaren Bereich der Karte zu verlassen.-Perspective view\/Perspektivische Ansicht: wenn aktiviert, wird die Karte mit ihrem Inhalt mit einer Neigung von 45 Grad dargestellt, um eine perspektivische Ansicht zu erreichen.<\/p>\n","protected":false},"author":1,"featured_media":0,"parent":0,"menu_order":0,"comment_status":"closed","ping_status":"closed","template":"","meta":[],"_links":{"self":[{"href":"https:\/\/citywalkguide.com\/index.php?rest_route=\/wp\/v2\/pages\/875"}],"collection":[{"href":"https:\/\/citywalkguide.com\/index.php?rest_route=\/wp\/v2\/pages"}],"about":[{"href":"https:\/\/citywalkguide.com\/index.php?rest_route=\/wp\/v2\/types\/page"}],"author":[{"embeddable":true,"href":"https:\/\/citywalkguide.com\/index.php?rest_route=\/wp\/v2\/users\/1"}],"replies":[{"embeddable":true,"href":"https:\/\/citywalkguide.com\/index.php?rest_route=%2Fwp%2Fv2%2Fcomments&post=875"}],"version-history":[{"count":88,"href":"https:\/\/citywalkguide.com\/index.php?rest_route=\/wp\/v2\/pages\/875\/revisions"}],"predecessor-version":[{"id":2454,"href":"https:\/\/citywalkguide.com\/index.php?rest_route=\/wp\/v2\/pages\/875\/revisions\/2454"}],"wp:attachment":[{"href":"https:\/\/citywalkguide.com\/index.php?rest_route=%2Fwp%2Fv2%2Fmedia&parent=875"}],"curies":[{"name":"wp","href":"https:\/\/api.w.org\/{rel}","templated":true}]}}