{"id":869,"date":"2019-08-30T08:30:40","date_gmt":"2019-08-30T08:30:40","guid":{"rendered":"https:\/\/citywalkguide.com\/?page_id=869"},"modified":"2025-01-05T15:33:40","modified_gmt":"2025-01-05T15:33:40","slug":"home-3","status":"publish","type":"page","link":"https:\/\/citywalkguide.com\/?page_id=869&lang=de","title":{"rendered":"Start"},"content":{"rendered":"\n<h4 class=\"has-text-align-left\"><strong>Willkommen auf der Internet-Seite der City Walk Guide App!<\/strong><\/h4>\n\n\n\n<p class=\"has-text-align-left\"><p class=\"has-text-align-left\">Die City Walk Guide App wurde entwickelt um Sie bei Ihren St\u00e4dtereisen zu begleiten, und soll nicht als Ersatz f\u00fcr organisierten Tours interpretiert werden. Sie wurde so minimalistisch wie m\u00f6glich aber so umfangreich wie n\u00f6tig gestaltet, und ist kinderleicht in der Benutzung.<br>Wir Reisetouren der 100 meist besuchten Orte auf 6 Kontinenten vorbereitet. Mehr Details finden Sie unter<a rel=\"noreferrer noopener\" href=\"https:\/\/citywalkguide.com\/?page_id=1043&amp;lang=de\" target=\"_blank\">Ausflugsrouten.<\/a>\n<\/p>\n&nbsp;<\/p>\n\n\n\n<p class=\"has-text-align-left\">Wir arbeiten kontinuierlich an neuen Routen weltweit und sind in der Lage kundenspezifische Routen umzusetzen. Bei Interesse diesbez\u00fcglich kontaktieren Sie uns bitte.<\/p>\n\n\n\n<p class=\"has-text-align-left\">Wir freuen uns auf Ihre R\u00fcckmeldung!<\/p><\/br>\n\n\n\n<p class=\"has-text-align-left\">Viel Spa\u00df mit der App,<br>Ihr City Walk Guide Team.<\/p>\n","protected":false},"excerpt":{"rendered":"<p>Willkommen auf der Internet-Seite der City Walk Guide App! Die City Walk Guide App wurde entwickelt um Sie bei Ihren St\u00e4dtereisen zu begleiten, und soll nicht als Ersatz f\u00fcr organisierten Tours interpretiert werden. Sie wurde so minimalistisch wie m\u00f6glich aber so umfangreich wie n\u00f6tig gestaltet, und ist kinderleicht in der Benutzung.Wir Reisetouren der 100 meist besuchten Orte auf 6 Kontinenten vorbereitet. Mehr Details finden Sie unterAusflugsrouten. &nbsp; Wir arbeiten kontinuierlich an neuen Routen weltweit und sind in der Lage kundenspezifische Routen umzusetzen. Bei Interesse diesbez\u00fcglich kontaktieren Sie uns bitte. Wir freuen uns auf Ihre R\u00fcckmeldung! Viel Spa\u00df mit der App,Ihr City Walk Guide Team.<\/p>\n","protected":false},"author":1,"featured_media":0,"parent":0,"menu_order":0,"comment_status":"closed","ping_status":"closed","template":"","meta":[],"_links":{"self":[{"href":"https:\/\/citywalkguide.com\/index.php?rest_route=\/wp\/v2\/pages\/869"}],"collection":[{"href":"https:\/\/citywalkguide.com\/index.php?rest_route=\/wp\/v2\/pages"}],"about":[{"href":"https:\/\/citywalkguide.com\/index.php?rest_route=\/wp\/v2\/types\/page"}],"author":[{"embeddable":true,"href":"https:\/\/citywalkguide.com\/index.php?rest_route=\/wp\/v2\/users\/1"}],"replies":[{"embeddable":true,"href":"https:\/\/citywalkguide.com\/index.php?rest_route=%2Fwp%2Fv2%2Fcomments&post=869"}],"version-history":[{"count":36,"href":"https:\/\/citywalkguide.com\/index.php?rest_route=\/wp\/v2\/pages\/869\/revisions"}],"predecessor-version":[{"id":2456,"href":"https:\/\/citywalkguide.com\/index.php?rest_route=\/wp\/v2\/pages\/869\/revisions\/2456"}],"wp:attachment":[{"href":"https:\/\/citywalkguide.com\/index.php?rest_route=%2Fwp%2Fv2%2Fmedia&parent=869"}],"curies":[{"name":"wp","href":"https:\/\/api.w.org\/{rel}","templated":true}]}}