{"id":867,"date":"2019-08-30T08:30:20","date_gmt":"2019-08-30T08:30:20","guid":{"rendered":"https:\/\/citywalkguide.com\/?page_id=867"},"modified":"2025-01-05T15:31:06","modified_gmt":"2025-01-05T15:31:06","slug":"home-2","status":"publish","type":"page","link":"https:\/\/citywalkguide.com\/?page_id=867&lang=fr","title":{"rendered":"Accueil"},"content":{"rendered":"\n<h4><strong>Bienvenue sur la page d&#8217;accueil de l&#8217;application City Walk Guide!<\/strong><br><\/h4>\n\n\n<p style=\"text-align: left;\">Simple et facile \u00e0 utiliser, l&#8217;application <strong>City Walk Guide<\/strong> se veut un outil pour vous accompagner lors de vos voyages urbains. <br data-rich-text-line-break=\"true\" \/>Dans cette premi\u00e8re version (pour android version 6 ou ult\u00e9rieure), nous avons pr\u00e9par\u00e9 des itin\u00e9raires pour les 100 villes les plus visit\u00e9es des six continents. Veuillez trouver plus de d\u00e9tails sous le menu<a href=\"https:\/\/citywalkguide.com\/?page_id=484&amp;lang=fr\" target=\"_blank\" rel=\"noopener\"><strong>Itin\u00e9raires.<\/strong><\/a><\/p>\n<p>\u00a0<\/p>\n<p style=\"text-align: left;\">Nous travaillons continuellement sur de nouveaux itin\u00e9raires dans de nouvelles villes du monde entier, et nous sommes pr\u00eats \u00e0 pr\u00e9parer et \u00e0 ajouter des itin\u00e9raires personnalis\u00e9s pour nos clients. Veuillez nous contacter pour une soumission.<\/p>\n<p>\u00a0<\/p>\n<p style=\"text-align: left;\">Essayez notre application, <br data-rich-text-line-break=\"true\" \/>Nous attendons vos commentaires avec impatience!<\/p>\n<p>Votre \u00e9quipe, <strong>City Walk Guide<\/strong><\/p>\n<p>\u00a0<\/p>","protected":false},"excerpt":{"rendered":"<p>Bienvenue sur la page d&#8217;accueil de l&#8217;application City Walk Guide! Simple et facile \u00e0 utiliser, l&#8217;application City Walk Guide se veut un outil pour vous accompagner lors de vos voyages urbains. Dans cette premi\u00e8re version (pour android version 6 ou ult\u00e9rieure), nous avons pr\u00e9par\u00e9 des itin\u00e9raires pour les 100 villes les plus visit\u00e9es des six continents. Veuillez trouver plus de d\u00e9tails sous le menuItin\u00e9raires. \u00a0 Nous travaillons continuellement sur de nouveaux itin\u00e9raires dans de nouvelles villes du monde entier, et nous sommes pr\u00eats \u00e0 pr\u00e9parer et \u00e0 ajouter des itin\u00e9raires personnalis\u00e9s pour nos clients. Veuillez nous contacter pour une soumission. \u00a0 Essayez notre application, Nous attendons vos commentaires avec impatience! Votre \u00e9quipe, City Walk Guide \u00a0<\/p>\n","protected":false},"author":1,"featured_media":0,"parent":0,"menu_order":0,"comment_status":"closed","ping_status":"closed","template":"","meta":[],"_links":{"self":[{"href":"https:\/\/citywalkguide.com\/index.php?rest_route=\/wp\/v2\/pages\/867"}],"collection":[{"href":"https:\/\/citywalkguide.com\/index.php?rest_route=\/wp\/v2\/pages"}],"about":[{"href":"https:\/\/citywalkguide.com\/index.php?rest_route=\/wp\/v2\/types\/page"}],"author":[{"embeddable":true,"href":"https:\/\/citywalkguide.com\/index.php?rest_route=\/wp\/v2\/users\/1"}],"replies":[{"embeddable":true,"href":"https:\/\/citywalkguide.com\/index.php?rest_route=%2Fwp%2Fv2%2Fcomments&post=867"}],"version-history":[{"count":19,"href":"https:\/\/citywalkguide.com\/index.php?rest_route=\/wp\/v2\/pages\/867\/revisions"}],"predecessor-version":[{"id":2455,"href":"https:\/\/citywalkguide.com\/index.php?rest_route=\/wp\/v2\/pages\/867\/revisions\/2455"}],"wp:attachment":[{"href":"https:\/\/citywalkguide.com\/index.php?rest_route=%2Fwp%2Fv2%2Fmedia&parent=867"}],"curies":[{"name":"wp","href":"https:\/\/api.w.org\/{rel}","templated":true}]}}