{"id":860,"date":"2019-08-30T07:51:31","date_gmt":"2019-08-30T07:51:31","guid":{"rendered":"https:\/\/citywalkguide.com\/?page_id=860"},"modified":"2020-01-21T01:13:14","modified_gmt":"2020-01-21T01:13:14","slug":"haftungsausschluss","status":"publish","type":"page","link":"https:\/\/citywalkguide.com\/?page_id=860&lang=de","title":{"rendered":"Haftungsausschluss"},"content":{"rendered":"\n<p class=\"has-text-align-left\"> Die City Walk Guide App (&#8220;Die App&#8221;) wurde als begleitendes Tools bei Ihren City Tours konzipiert und entwickelt und nicht als Ersatz f\u00fcr eine organisierte Reise zu werden.<br> Die App wurde nicht als Navigationssystem in einem Fahrzeug oder sonstige Zwecke konzipiert und entwickelt. Sie verwenden die App auf eigene Gefahr.<\/p><\/br>\n\n\n\n<p class=\"has-text-align-left\"><br>Die Reiseziele (POIs) wie Lebensmittel (meistens als Lebensmittelladen oder zum Mitnehmen),   Toiletten, Cafes usw. wurden aus praktischen Gr\u00fcnden ausgesucht und vorgeschlagen und sind nicht als Werbung zu verstehen.<br>Die angezeigte Information kann fehlerhafte, ungenaue oder unvollst\u00e4ndige Daten beinhalten, auch wenn sie nach bestem Wissen und Gewissen zusammengetragen wurden.<\/p><\/br>\n\n\n\n<p class=\"has-text-align-left\"><br>Wir \u00fcbernehmen keinerlei Verantwortung f\u00fcr Ihre Entscheidungen und deren Folgen, die ausschlie\u00dflich auf Informationen in dieser App basieren. Bevor Sie die Reise antreten sollten Sie die Empfehlungen Ihres Auswertigen Amtes zu den Standorten die Sie besuchen m\u00f6chten ber\u00fccksichtigen .    <\/p><\/br>\n\n\n\n<p class=\"has-text-align-left\"><br>Die aktuelle App Version funktioniert nur mit einem Internet-Zugriff, um das Kartenmaterial zu Ihrem Standort oder Reiseziel herunterzuladen. Das Herunterladen der Karten \u00fcber mobile Daten kann Kosten verursachen.<br> Die App ben\u00f6tigt die Standortbestimmung aktiviert und Zugriff auf den Standort Dienst (GPS) Ihres mobilen Ger\u00e4tes, um Ihre Position zu bestimmen und zu zeigen, oder das Erreichen der Ziele zu erkennen und zu markieren. <\/p><\/br>\n\n\n\n<p class=\"has-text-align-left\">Wir speichern und leiten keine Benutzerdaten oder Positionsinformationen weiter in unserer App.<br>Lediglich der Anbieter des Kartenmaterials, mapbox, erfasst  anonyme telemetrische Daten bezogen auf das mobile Ger\u00e4t zu Abrechnung mit uns und statistischen Zwecke. Mehr Details dazu finden Sie unter: <a rel=\"noopener noreferrer\" href=\"https:\/\/www.mapbox.com\/privacy\/#[AaMSWwdd]\" target=\"_blank\">https:\/\/www.mapbox.com\/privacy\/#[AaMSWwdd]<\/a><br><br>Wir \u00fcbernehmen keinerlei Verantwortung und Haftung f\u00fcr die Inhalte der in der App extern verlinkten Seiten Dritter und distanzieren wir uns ausdr\u00fccklich von diesen. Sollten Sie sich entscheiden die Links zu folgen, so tun Sie dies auf eigene Gefahr. <\/p><\/br>\n\n\n\n<p class=\"has-text-align-left\">Die Anzahl der Tage pro St\u00e4dtereise und Routenl\u00e4nge sind eher als ein Vorschlag des Teams und nicht als eine Herausforderung zu sehen. Sie sollten bei Bedarf die Ausfl\u00fcge Ihren Bed\u00fcrfnissen und Ihrer k\u00f6rperlichen Verfassung anpassen.<\/p><\/br>\n\n\n\n<h2>Datenschutz f\u00fcr unsere Web Seite<\/h2>\n\n\n\n<p class=\"has-text-align-left\">Die Adresse unserer Webseite ist: <a href=\"https:\/\/citywalkguide.com\" target=\"_blank\" rel=\"noreferrer noopener\" aria-label=\"https:\/\/citywalkguide.com (opens in a new tab)\">https:\/\/citywalkguide.com<\/a><\/p><\/br>\n\n\n\n<p class=\"has-text-align-left\">Wir verwenden Google Analytics, um die allgemeine Nutzung unserer Webseite zu analysieren.<\/p><\/br>\n\n\n\n<p class=\"has-text-align-left\">Unten finden Sie die Datenschutzrichtlinien der Hersteller der Tools und Plugins, verwendet bei der Gestaltung dieser Web Pr\u00e4senz:<br> <a href=\"https:\/\/en-ca.wordpress.org\/about\/privacy\/\">https:\/\/en-ca.wordpress.org\/about\/privacy\/<\/a><br> <a href=\"https:\/\/polylang.pro\/privacy-policy\/\">https:\/\/polylang.pro\/privacy-policy\/<\/a><br> <a href=\"https:\/\/presscustomizr.com\/privacy-policy\/\">https:\/\/presscustomizr.com\/privacy-policy\/<\/a><\/p>\n\n\n<p><!--EndFragment--><\/p>","protected":false},"excerpt":{"rendered":"<p>Die City Walk Guide App (&#8220;Die App&#8221;) wurde als begleitendes Tools bei Ihren City Tours konzipiert und entwickelt und nicht als Ersatz f\u00fcr eine organisierte Reise zu werden. Die App wurde nicht als Navigationssystem in einem Fahrzeug oder sonstige Zwecke konzipiert und entwickelt. Sie verwenden die App auf eigene Gefahr. Die Reiseziele (POIs) wie Lebensmittel (meistens als Lebensmittelladen oder zum Mitnehmen), Toiletten, Cafes usw. wurden aus praktischen Gr\u00fcnden ausgesucht und vorgeschlagen und sind nicht als Werbung zu verstehen.Die angezeigte Information kann fehlerhafte, ungenaue oder unvollst\u00e4ndige Daten beinhalten, auch wenn sie nach bestem Wissen und Gewissen zusammengetragen wurden. Wir \u00fcbernehmen keinerlei Verantwortung f\u00fcr Ihre Entscheidungen und deren Folgen, die ausschlie\u00dflich auf Informationen in dieser App basieren. Bevor Sie die Reise antreten sollten Sie die Empfehlungen Ihres Auswertigen Amtes zu den Standorten die Sie besuchen m\u00f6chten ber\u00fccksichtigen . Die aktuelle App Version funktioniert nur mit einem Internet-Zugriff, um das Kartenmaterial zu Ihrem Standort oder Reiseziel herunterzuladen. Das Herunterladen der Karten \u00fcber mobile Daten kann Kosten verursachen. Die App ben\u00f6tigt die Standortbestimmung aktiviert und Zugriff auf den Standort Dienst (GPS) Ihres mobilen Ger\u00e4tes, um Ihre Position zu bestimmen und zu zeigen, oder das Erreichen der Ziele zu erkennen und zu markieren. Wir speichern und leiten keine Benutzerdaten oder Positionsinformationen weiter in unserer App.Lediglich der Anbieter des Kartenmaterials, mapbox, erfasst anonyme telemetrische Daten bezogen auf das mobile Ger\u00e4t zu Abrechnung mit uns und statistischen Zwecke. Mehr Details dazu finden Sie unter: https:\/\/www.mapbox.com\/privacy\/#[AaMSWwdd] Wir \u00fcbernehmen keinerlei Verantwortung und Haftung f\u00fcr die Inhalte der in der App extern verlinkten Seiten Dritter und distanzieren wir uns ausdr\u00fccklich von diesen. Sollten Sie sich entscheiden die Links zu folgen, so tun Sie dies auf eigene Gefahr. Die Anzahl der Tage pro St\u00e4dtereise und Routenl\u00e4nge sind eher als ein Vorschlag des Teams und nicht als eine Herausforderung zu sehen. Sie sollten bei Bedarf die Ausfl\u00fcge Ihren Bed\u00fcrfnissen und Ihrer k\u00f6rperlichen Verfassung anpassen. Datenschutz f\u00fcr unsere Web Seite Die Adresse unserer Webseite ist: https:\/\/citywalkguide.com Wir verwenden Google Analytics, um die allgemeine Nutzung unserer Webseite zu analysieren. Unten finden Sie die Datenschutzrichtlinien der Hersteller der Tools und Plugins, verwendet bei der Gestaltung dieser Web Pr\u00e4senz: https:\/\/en-ca.wordpress.org\/about\/privacy\/ https:\/\/polylang.pro\/privacy-policy\/ https:\/\/presscustomizr.com\/privacy-policy\/<\/p>\n","protected":false},"author":1,"featured_media":0,"parent":0,"menu_order":0,"comment_status":"closed","ping_status":"closed","template":"","meta":[],"_links":{"self":[{"href":"https:\/\/citywalkguide.com\/index.php?rest_route=\/wp\/v2\/pages\/860"}],"collection":[{"href":"https:\/\/citywalkguide.com\/index.php?rest_route=\/wp\/v2\/pages"}],"about":[{"href":"https:\/\/citywalkguide.com\/index.php?rest_route=\/wp\/v2\/types\/page"}],"author":[{"embeddable":true,"href":"https:\/\/citywalkguide.com\/index.php?rest_route=\/wp\/v2\/users\/1"}],"replies":[{"embeddable":true,"href":"https:\/\/citywalkguide.com\/index.php?rest_route=%2Fwp%2Fv2%2Fcomments&post=860"}],"version-history":[{"count":38,"href":"https:\/\/citywalkguide.com\/index.php?rest_route=\/wp\/v2\/pages\/860\/revisions"}],"predecessor-version":[{"id":2388,"href":"https:\/\/citywalkguide.com\/index.php?rest_route=\/wp\/v2\/pages\/860\/revisions\/2388"}],"wp:attachment":[{"href":"https:\/\/citywalkguide.com\/index.php?rest_route=%2Fwp%2Fv2%2Fmedia&parent=860"}],"curies":[{"name":"wp","href":"https:\/\/api.w.org\/{rel}","templated":true}]}}